{"id":17,"date":"2025-05-15T10:13:22","date_gmt":"2025-05-15T08:13:22","guid":{"rendered":"https:\/\/institutes.uek.krakow.pl\/kpcgpm\/?page_id=17"},"modified":"2025-06-27T14:40:17","modified_gmt":"2025-06-27T12:40:17","slug":"o-katedrze","status":"publish","type":"page","link":"https:\/\/ip.uek.krakow.pl\/kpcgpm\/o-katedrze\/","title":{"rendered":"O Katedrze"},"content":{"rendered":"\n<h2 class=\"wp-block-heading\">Katedra&nbsp;Prawa Cywilnego, Gospodarczego i Prywatnego Mi\u0119dzynarodowego<\/h2>\n\n\n\n<p>Witamy na stronie internetowej Katedry Prawa Cywilnego, Gospodarczego i Prywatnego Mi\u0119dzynarodowego. Zapraszamy do zapoznania si\u0119 z przedmiotem dzia\u0142alno\u015bci Katedry oraz badaniami, zainteresowaniami i osi\u0105gni\u0119ciami naukowymi, a tak\u017ce zaj\u0119ciami dydaktycznymi prowadzonymi przez jej pracownik\u00f3w.<\/p>\n\n\n\n<p>Historia Katedry Prawa Cywilnego, Gospodarczego i Prywatnego Mi\u0119dzynarodowego si\u0119ga 1950 roku, w kt\u00f3rym w ramach naszej Uczelni utworzono Katedr\u0119 Prawa, kierowan\u0105 przez jednego z najwybitniejszych cywilist\u00f3w polskich prof. Stefana Grzybowskiego. Kolejno Katedr\u0105 kierowali: prof. Zbigniew \u017babi\u0144ski, prof. Czes\u0142awa \u017bu\u0142awska (em. S\u0119dzia SN), a od 2000 r. prof. Bogus\u0142awa Gnela. W 2014 r. z Katedry Prawa zosta\u0142a wyodr\u0119bniona Katedra Prawa Administracyjnego i Zam\u00f3wie\u0144 Publicznych, a Katedra Prawa zmieni\u0142a nazw\u0119 na Katedr\u0119 Prawa Cywilnego i Gospodarczego, w kt\u00f3rej utworzono trzy zak\u0142ady. Z dniem 1 pa\u017adziernika 2019 r. z Katedry Prawa Cywilnego i Gospodarczego wyodr\u0119bniono Katedr\u0119 Prawa Nieruchomo\u015bci i Prawa Podatkowego oraz Katedr\u0119 Prawa Gospodarczego Publicznego i Prawa Pracy, a Katedra z t\u0105 dat\u0105 zmieni\u0142a nazw\u0119 na Katedr\u0119 Prawa Cywilnego, Gospodarczego i Prywatnego Mi\u0119dzynarodowego.<\/p>\n\n\n\n<p>Katedra Prawa Cywilnego, Gospodarczego i Prywatnego Mi\u0119dzynarodowego funkcjonuje w ramach Instytutu Prawa, w Kolegium Ekonomii, Finans\u00f3w i Prawa UEK.<\/p>\n\n\n\n<p>Pracownicy Katedry prowadz\u0105 zaj\u0119cia na kierunkach Prawo oraz Doradztwo podatkowe, funkcjonuj\u0105cych w ramach Instytutu Prawa, oraz zaj\u0119cia z zakresu prawa na kierunkach prowadzonych przez inne Instytuty UEK.<\/p>\n\n\n\n<p>Przy Katedrze zorganizowane s\u0105 i funkcjonuj\u0105 od kilkunastu lat studia podyplomowe: Prawo gospodarcze, Prawo pracy i prawo ubezpiecze\u0144 spo\u0142ecznych oraz Doradztwo podatkowe. W 2019 r. utworzono nowy kierunek tych studi\u00f3w \u2013 Prawo medyczne i ochrona zdrowia. Przedmiotem bada\u0144 naukowych prowadzonych w ramach Katedry s\u0105 regulacje prawne zwi\u0105zane z prawem cywilnym, prawem handlowym (gospodarczym prywatnym) i konsumenckim, a tak\u017ce z prawem prywatnym mi\u0119dzynarodowym.<\/p>\n\n\n\n<p>Katedra organizuje cykliczne, mi\u0119dzynarodowe i og\u00f3lnopolskie konferencje oraz seminaria naukowe, jej pracownicy uczestnicz\u0105 aktywnie w krajowych oraz zagranicznych konferencjach i seminariach, a tak\u017ce wsp\u00f3\u0142pracuj\u0105 z mi\u0119dzynarodowymi i krajowymi instytucjami naukowymi.<\/p>\n","protected":false},"excerpt":{"rendered":"<p>Witamy na stronie internetowej Katedry Prawa Cywilnego, Gospodarczego i Prywatnego Mi\u0119dzynarodowego. Zapraszamy do zapoznania si\u0119 z przedmiotem dzia\u0142alno\u015bci Katedry oraz badaniami, zainteresowaniami i osi\u0105gni\u0119ciami naukowymi, a tak\u017ce zaj\u0119ciami dydaktycznymi prowadzonymi przez jej pracownik\u00f3w.<\/p>\n","protected":false},"author":1,"featured_media":0,"parent":0,"menu_order":0,"comment_status":"closed","ping_status":"closed","template":"","meta":{"_acf_changed":false,"footnotes":""},"class_list":["post-17","page","type-page","status-publish","hentry"],"acf":[],"_links":{"self":[{"href":"https:\/\/ip.uek.krakow.pl\/kpcgpm\/wp-json\/wp\/v2\/pages\/17","targetHints":{"allow":["GET"]}}],"collection":[{"href":"https:\/\/ip.uek.krakow.pl\/kpcgpm\/wp-json\/wp\/v2\/pages"}],"about":[{"href":"https:\/\/ip.uek.krakow.pl\/kpcgpm\/wp-json\/wp\/v2\/types\/page"}],"author":[{"embeddable":true,"href":"https:\/\/ip.uek.krakow.pl\/kpcgpm\/wp-json\/wp\/v2\/users\/1"}],"replies":[{"embeddable":true,"href":"https:\/\/ip.uek.krakow.pl\/kpcgpm\/wp-json\/wp\/v2\/comments?post=17"}],"version-history":[{"count":6,"href":"https:\/\/ip.uek.krakow.pl\/kpcgpm\/wp-json\/wp\/v2\/pages\/17\/revisions"}],"predecessor-version":[{"id":2463,"href":"https:\/\/ip.uek.krakow.pl\/kpcgpm\/wp-json\/wp\/v2\/pages\/17\/revisions\/2463"}],"wp:attachment":[{"href":"https:\/\/ip.uek.krakow.pl\/kpcgpm\/wp-json\/wp\/v2\/media?parent=17"}],"curies":[{"name":"wp","href":"https:\/\/api.w.org\/{rel}","templated":true}]}}