{"id":2459,"date":"2025-06-27T14:39:19","date_gmt":"2025-06-27T12:39:19","guid":{"rendered":"https:\/\/ip.uek.krakow.pl\/kpcgpm\/?page_id=2459"},"modified":"2025-06-27T14:39:20","modified_gmt":"2025-06-27T12:39:20","slug":"partnerzy","status":"publish","type":"page","link":"https:\/\/ip.uek.krakow.pl\/kpcgpm\/o-katedrze\/partnerzy\/","title":{"rendered":"Partnerzy"},"content":{"rendered":"\n<h2 class=\"wp-block-heading\">WSP\u00d3\u0141PRACA Z OTOCZENIEM GOSPODARCZYM I INNYMI Instytucjami<\/h2>\n\n\n\n<h3 class=\"wp-block-heading\">Katedra i jej pracownicy wsp\u00f3\u0142pracowali lub wsp\u00f3\u0142pracuj\u0105 z:<\/h3>\n\n\n\n<ul class=\"wp-block-list\">\n<li>Akademick\u0105 Komisj\u0105 Kodyfikacyjn\u0105 Prawa Cywilnego<\/li>\n\n\n\n<li>Biurem Studi\u00f3w i Ekspertyz Kancelarii Sejmu<\/li>\n\n\n\n<li>Centrum Mediacyjnym przy Naczelnej Radzie Adwokackiej<\/li>\n\n\n\n<li>Centrum Mediacji przy Krajowej Izbie Gospodarczej<\/li>\n\n\n\n<li>d. Komisj\u0105 Kodyfikacyjn\u0105 Prawa Cywilnego przy Ministrze Sprawiedliwo\u015bci<\/li>\n\n\n\n<li>European Association of Private International Law (EAPIL)<\/li>\n\n\n\n<li>Izb\u0105 Komornicz\u0105 w Krakowie<\/li>\n\n\n\n<li>Izb\u0105 Notarialn\u0105 w Krakowie<\/li>\n\n\n\n<li>Komisj\u0105 Nadzoru Finansowego<\/li>\n\n\n\n<li>Komisj\u0105 Prawa Autorskiego<\/li>\n\n\n\n<li>Okr\u0119gow\u0105 Rad\u0105 Adwokack\u0105 w Krakowie<\/li>\n\n\n\n<li>Okr\u0119gow\u0105 Izb\u0105 Radc\u00f3w Prawnych w Krakowie<\/li>\n\n\n\n<li>Ma\u0142opolskim Oddzia\u0142em Krajowej Izby Doradc\u00f3w Podatkowych<\/li>\n\n\n\n<li>Naczeln\u0105 Rad\u0105 Adwokack\u0105<\/li>\n\n\n\n<li>Polsk\u0105 Akademi\u0105 Nauk<\/li>\n\n\n\n<li>Polsk\u0105 Akademi\u0105 Umiej\u0119tno\u015bci<\/li>\n\n\n\n<li>Polsk\u0105 Izb\u0105 Ubezpiecze\u0144<\/li>\n\n\n\n<li>Polskie Stowarzyszenie Prawa Prywatnego Mi\u0119dzynarodowego<\/li>\n\n\n\n<li>Redakcjami og\u00f3lnopolskich prawniczych czasopism naukowych (np. KPP, PPPM, TPPM, Palestra, Wiadomo\u015bci Ubezpieczeniowe) lub zagranicznych (np. Zeitschrift f\u00fcr das gesamte Familienrecht)<\/li>\n\n\n\n<li>Stowarzyszeniem Rzecznik\u00f3w Konsument\u00f3w<\/li>\n\n\n\n<li>Stowarzyszeniem Centrum Arbitra\u017cu i Mediacji w Rzeszowie<\/li>\n\n\n\n<li>Towarzystwo Naukowe Procesualist\u00f3w Cywilnych<\/li>\n\n\n\n<li>Uniwersytetami w Polsce (np. UAM, UJ, UJK, U\u0141, UMCS, UMK, UR, U\u015a, UW, UWr, UZ,\u00a0UE w Katowicach, Poznaniu, Wroc\u0142awiu) i za granic\u0105 (np. we W\u0142oszech, w Hiszpanii)<\/li>\n\n\n\n<li>Urz\u0119dem Ochrony Konkurencji i Konsument\u00f3w<\/li>\n\n\n\n<li>Zwi\u0105zkiem Bank\u00f3w Polskich<\/li>\n<\/ul>\n","protected":false},"excerpt":{"rendered":"<p>WSP\u00d3\u0141PRACA Z OTOCZENIEM GOSPODARCZYM I INNYMI Instytucjami Katedra i jej pracownicy wsp\u00f3\u0142pracowali lub wsp\u00f3\u0142pracuj\u0105 z:<\/p>\n","protected":false},"author":1,"featured_media":0,"parent":17,"menu_order":0,"comment_status":"closed","ping_status":"closed","template":"","meta":{"_acf_changed":false,"footnotes":""},"class_list":["post-2459","page","type-page","status-publish","hentry"],"acf":[],"_links":{"self":[{"href":"https:\/\/ip.uek.krakow.pl\/kpcgpm\/wp-json\/wp\/v2\/pages\/2459","targetHints":{"allow":["GET"]}}],"collection":[{"href":"https:\/\/ip.uek.krakow.pl\/kpcgpm\/wp-json\/wp\/v2\/pages"}],"about":[{"href":"https:\/\/ip.uek.krakow.pl\/kpcgpm\/wp-json\/wp\/v2\/types\/page"}],"author":[{"embeddable":true,"href":"https:\/\/ip.uek.krakow.pl\/kpcgpm\/wp-json\/wp\/v2\/users\/1"}],"replies":[{"embeddable":true,"href":"https:\/\/ip.uek.krakow.pl\/kpcgpm\/wp-json\/wp\/v2\/comments?post=2459"}],"version-history":[{"count":1,"href":"https:\/\/ip.uek.krakow.pl\/kpcgpm\/wp-json\/wp\/v2\/pages\/2459\/revisions"}],"predecessor-version":[{"id":2460,"href":"https:\/\/ip.uek.krakow.pl\/kpcgpm\/wp-json\/wp\/v2\/pages\/2459\/revisions\/2460"}],"up":[{"embeddable":true,"href":"https:\/\/ip.uek.krakow.pl\/kpcgpm\/wp-json\/wp\/v2\/pages\/17"}],"wp:attachment":[{"href":"https:\/\/ip.uek.krakow.pl\/kpcgpm\/wp-json\/wp\/v2\/media?parent=2459"}],"curies":[{"name":"wp","href":"https:\/\/api.w.org\/{rel}","templated":true}]}}