{"id":2464,"date":"2025-06-27T14:41:28","date_gmt":"2025-06-27T12:41:28","guid":{"rendered":"https:\/\/ip.uek.krakow.pl\/kpcgpm\/?page_id=2464"},"modified":"2025-06-27T14:42:32","modified_gmt":"2025-06-27T12:42:32","slug":"badania-i-rozwoj","status":"publish","type":"page","link":"https:\/\/ip.uek.krakow.pl\/kpcgpm\/o-katedrze\/badania-i-rozwoj\/","title":{"rendered":"Badania i rozw\u00f3j"},"content":{"rendered":"\n<h2 class=\"wp-block-heading\">Jako przyk\u0142ady program\u00f3w badawczych Katedry wymieni\u0107 mo\u017cna:<\/h2>\n\n\n\n<ul class=\"wp-block-list\">\n<li>2022-2023: Program badawczy pt. Klauzule umowne i zobowi\u0105zania w prawie materialnym oraz procesowym;<\/li>\n\n\n\n<li>2022: Program badawczy pt. Funkcjonowanie Prostej Sp\u00f3\u0142ki Akcyjnej w obrocie gospodarczym na tle innych sp\u00f3\u0142ek kapita\u0142owych;<\/li>\n\n\n\n<li>2021-2022: Projekt badawczy pt. Uznawanie i wykonywanie orzecze\u0144 w mi\u0119dzynarodowym post\u0119powaniu cywilnym i w post\u0119powaniu arbitra\u017cowym;<\/li>\n\n\n\n<li>2020: Program badawczy pt. Nowe technologie na rynku finansowym i rynku pracy. Szanse i zagro\u017cenia dla ich uczestnik\u00f3w;<\/li>\n\n\n\n<li>2020: Program badawczy pt. Prosta sp\u00f3\u0142ka akcyjna jako trzecia sp\u00f3\u0142ka kapita\u0142owa \u2013 niezb\u0119dna, przydatna, niepotrzebna czy szkodliwa \u2013 analiza regulacji prawnych w kontek\u015bcie nowelizacji KSH dokonanych w roku 2019;<\/li>\n\n\n\n<li>2020: Program badawczy pt. Modyfikacje instytucji prawa cywilnego materialnego, procesowego i kolizyjnego w prawie konsumenckim;<\/li>\n\n\n\n<li>2019: Program badawczy pt. Wsp\u00f3\u0142czesne wyzwania prawa konsumenckiego cz. V. Prawa konsumenta oraz innych podmiot\u00f3w s\u0142abszych, a nowe technologie (cz. I \u2013 IV realizowane w latach 2015 \u2013 2018);<\/li>\n\n\n\n<li>2019: Program badawczy pt. Prawne aspekty fizycznych, psychicznych i duchowych obszar\u00f3w \u201eudoskonalania\u201d cz\u0142owieka (human enhancement) \u2013 cz. II (cz. I. 2018 r.);<\/li>\n\n\n\n<li>2014: Program badawczy pt. Kierunki rozwoju prawa prywatnego cz\u0119\u015b\u0107 II \u2013 Uwagi na temat I cz\u0119\u015bci projektu Kodeksu cywilnego (cz. I. 2013 r.);<\/li>\n\n\n\n<li>2012: Program pt. Ochrona podmiot\u00f3w stosunku ubezpieczenia;<\/li>\n\n\n\n<li>2011: Program badawczy pt. Instytucje prawa prywatnego w prawie podatkowym cz. II (cz. I \u2013 2010 r.);<\/li>\n\n\n\n<li>2009: Program badawczy pt. Wsp\u00f3\u0142czesne dylematy zobowi\u0105za\u0144 w polskim prawie cywilnym i mi\u0119dzynarodowym prywatnym, cz. II: Regulacje um\u00f3w konsumenckich a problem sp\u00f3jno\u015bci polskiego prawa cywilnego i prawa prywatnego mi\u0119dzynarodowego (cz. I \u2013 2008 r.);<\/li>\n\n\n\n<li>2007: Program badawczy Zasady Europejskiego Prawa Kontraktowego (Principles of European Contract Law: PECL) a polskie prawo cywilne\u201d \u2013 cz. III (cz. I. 2005 r., cz. II 2006 r.);<\/li>\n\n\n\n<li>2004: Program badawczy pt. Przemiany strukturalne sp\u00f3\u0142ek w nowej regulacji prawnej cz. III (cz. I. 2002 r., cz. II \u2013 2003 r.).<\/li>\n<\/ul>\n\n\n\n<h4 class=\"wp-block-heading\">&nbsp;<\/h4>\n\n\n\n<h3 class=\"wp-block-heading\">Mi\u0119dzynarodowe projekty badawcze:<\/h3>\n\n\n\n<p>W latach 2017-2018 Katedra wzi\u0119\u0142a udzia\u0142 w projekcie badawczym nt. Wp\u0142yw europejskiego prawa konsumenckiego na krajowe systemy prawne (kierowanym przez prof. A. Viglianissi Ferraro z Uniwersytetu w Reggio Calabria), w kt\u00f3rym uczestniczyli pracownicy naukowi z kilkunastu europejskich uniwersytet\u00f3w.<\/p>\n\n\n\n<div style=\"height:55px\" aria-hidden=\"true\" class=\"wp-block-spacer\"><\/div>\n\n\n\n<h3 class=\"wp-block-heading\">Rozw\u00f3j:<\/h3>\n\n\n\n<p>o dynamicznym rozwoju Katedry od kilkunastu lat \u015bwiadczy fakt, \u017ce:<\/p>\n\n\n\n<ul class=\"wp-block-list\">\n<li>1 pracownik uzyska\u0142 tytu\u0142 naukowy profesora nauk prawnych<\/li>\n\n\n\n<li>9 pracownik\u00f3w uzyska\u0142o stopie\u0144 doktora habilitowanego nauk prawnych<\/li>\n\n\n\n<li>6 pracownik\u00f3w uzyska\u0142o stopie\u0144 naukowy doktora nauk prawnych<\/li>\n\n\n\n<li>z Katedry wyodr\u0119bniono kilka nowych katedr prawniczych<\/li>\n<\/ul>\n","protected":false},"excerpt":{"rendered":"<p>W ramach Katedry Prawa Cywilnego, Gospodarczego i Prywatnego Mi\u0119dzynarodowego prowadzone s\u0105 badania naukowe obejmuj\u0105ce w szczeg\u00f3lno\u015bci zagadnienia z zakresu: cz\u0119\u015bci og\u00f3lnej prawa cywilnego; prawa um\u00f3w i ochrony praw konsumenta; prawa handlowego (gospodarczego prywatnego) w tym prawa sp\u00f3\u0142ek, prawa prywatnego mi\u0119dzynarodowego oraz prawa post\u0119powania cywilnego.<\/p>\n<p>Pracownicy Katedry uczestnicz\u0105 tak\u017ce w programach badawczych organizowanych przez krajowe lub zagraniczne instytucje naukowe.<\/p>\n","protected":false},"author":1,"featured_media":0,"parent":17,"menu_order":0,"comment_status":"closed","ping_status":"closed","template":"","meta":{"_acf_changed":false,"footnotes":""},"class_list":["post-2464","page","type-page","status-publish","hentry"],"acf":[],"_links":{"self":[{"href":"https:\/\/ip.uek.krakow.pl\/kpcgpm\/wp-json\/wp\/v2\/pages\/2464","targetHints":{"allow":["GET"]}}],"collection":[{"href":"https:\/\/ip.uek.krakow.pl\/kpcgpm\/wp-json\/wp\/v2\/pages"}],"about":[{"href":"https:\/\/ip.uek.krakow.pl\/kpcgpm\/wp-json\/wp\/v2\/types\/page"}],"author":[{"embeddable":true,"href":"https:\/\/ip.uek.krakow.pl\/kpcgpm\/wp-json\/wp\/v2\/users\/1"}],"replies":[{"embeddable":true,"href":"https:\/\/ip.uek.krakow.pl\/kpcgpm\/wp-json\/wp\/v2\/comments?post=2464"}],"version-history":[{"count":4,"href":"https:\/\/ip.uek.krakow.pl\/kpcgpm\/wp-json\/wp\/v2\/pages\/2464\/revisions"}],"predecessor-version":[{"id":2468,"href":"https:\/\/ip.uek.krakow.pl\/kpcgpm\/wp-json\/wp\/v2\/pages\/2464\/revisions\/2468"}],"up":[{"embeddable":true,"href":"https:\/\/ip.uek.krakow.pl\/kpcgpm\/wp-json\/wp\/v2\/pages\/17"}],"wp:attachment":[{"href":"https:\/\/ip.uek.krakow.pl\/kpcgpm\/wp-json\/wp\/v2\/media?parent=2464"}],"curies":[{"name":"wp","href":"https:\/\/api.w.org\/{rel}","templated":true}]}}