{"id":2469,"date":"2025-06-27T14:43:11","date_gmt":"2025-06-27T12:43:11","guid":{"rendered":"https:\/\/ip.uek.krakow.pl\/kpcgpm\/?page_id=2469"},"modified":"2025-06-27T14:44:02","modified_gmt":"2025-06-27T12:44:02","slug":"dydaktyka","status":"publish","type":"page","link":"https:\/\/ip.uek.krakow.pl\/kpcgpm\/o-katedrze\/dydaktyka\/","title":{"rendered":"Dydaktyka"},"content":{"rendered":"\n<h4 class=\"wp-block-heading\">Na kierunku Prawo m.in.:<\/h4>\n\n\n\n<ul class=\"wp-block-list\">\n<li>Prawo cywilne \u2013 cze\u015b\u0107 og\u00f3lna<\/li>\n\n\n\n<li>Prawo zobowi\u0105za\u0144<\/li>\n\n\n\n<li>Prawo spadkowe<\/li>\n\n\n\n<li>Prawo rodzinne<\/li>\n\n\n\n<li>Prawo ma\u0142\u017ce\u0144skie maj\u0105tkowe<\/li>\n\n\n\n<li>Ochrona d\u00f3br osobistych<\/li>\n\n\n\n<li>Post\u0119powanie cywilne<\/li>\n\n\n\n<li>Post\u0119powanie egzekucyjne w sprawach cywilnych<\/li>\n\n\n\n<li>Prawo handlowe<\/li>\n\n\n\n<li>Prawo sp\u00f3\u0142ek<\/li>\n\n\n\n<li>Prawo restrukturyzacyjne<\/li>\n\n\n\n<li>Prawo upad\u0142o\u015bciowe<\/li>\n\n\n\n<li>Prawo prywatne mi\u0119dzynarodowe<\/li>\n\n\n\n<li>Mi\u0119dzynarodowe prawo handlowe<\/li>\n\n\n\n<li>Umowy handlowe<\/li>\n\n\n\n<li>Prawo e-handlu<\/li>\n\n\n\n<li>Prawo handlowe w praktyce<\/li>\n\n\n\n<li>Prawo biomedyczne<\/li>\n\n\n\n<li>Prawo medyczne<\/li>\n\n\n\n<li>Prawo medi\u00f3w<\/li>\n\n\n\n<li>Mediacje i alternatywne sposoby rozstrzygania spor\u00f3w<\/li>\n\n\n\n<li>Prawo o notariacie<\/li>\n\n\n\n<li>Zawody prawnicze<\/li>\n<\/ul>\n\n\n\n<h4 class=\"wp-block-heading\">&nbsp;<\/h4>\n\n\n\n<h4 class=\"wp-block-heading\">Na studiach doktoranckich m.in.<\/h4>\n\n\n\n<ul class=\"wp-block-list\">\n<li>Prawna ochrona konsumenta us\u0142ug finansowych<\/li>\n<\/ul>\n\n\n\n<h4 class=\"wp-block-heading\">&nbsp;<\/h4>\n\n\n\n<h4 class=\"wp-block-heading\">Na studiach podyplomowych m.in.<\/h4>\n\n\n\n<ul class=\"wp-block-list\">\n<li>Ustroje ma\u0142\u017ce\u0144skie maj\u0105tkowe<\/li>\n<\/ul>\n\n\n\n<h4 class=\"wp-block-heading\">&nbsp;<\/h4>\n\n\n\n<h4 class=\"wp-block-heading\">Na kierunkach nieprawniczych m.in.<\/h4>\n\n\n\n<ul class=\"wp-block-list\">\n<li>Elementy prawa gospodarczego<\/li>\n\n\n\n<li>Elementy prawa<\/li>\n\n\n\n<li>Encyklopedia prawa<\/li>\n\n\n\n<li>Mi\u0119dzynarodowe prawo handlowe<\/li>\n\n\n\n<li>Podatek akcyzowy<\/li>\n\n\n\n<li>Podatek od czynno\u015bci cywilnoprawnych, spadk\u00f3w i darowizn, op\u0142ata skarbowa<\/li>\n\n\n\n<li>Podatki po\u015brednie i bezpo\u015brednie<\/li>\n\n\n\n<li>Podstawy prawa<\/li>\n\n\n\n<li>Podstawy prawa i prawo gospodarcze<\/li>\n\n\n\n<li>Prawna ochrona rynku i konsumenta<\/li>\n\n\n\n<li>Prawo cywilne i handlowe<\/li>\n\n\n\n<li>Prawo cywilne i handlowe por\u00f3wnawcze<\/li>\n\n\n\n<li>Prawo e-handlu<\/li>\n\n\n\n<li>Prawo gospodarcze<\/li>\n\n\n\n<li>Prawo gospodarcze i mi\u0119dzynarodowe prywatne<\/li>\n\n\n\n<li>Prawo handlowe<\/li>\n\n\n\n<li>Prawo rynk\u00f3w finansowych<\/li>\n\n\n\n<li>Przekszta\u0142cenia przedsi\u0119biorstw<\/li>\n\n\n\n<li>R\u0119kojmia za wady rzeczy i gwarancja jako\u015bci<\/li>\n<\/ul>\n\n\n\n<h4 class=\"wp-block-heading\">&nbsp;<\/h4>\n\n\n\n<h4 class=\"wp-block-heading\">W j\u0119zykach obcych np. wyk\u0142ady:<\/h4>\n\n\n\n<ul class=\"wp-block-list\">\n<li>Basics of Law<\/li>\n\n\n\n<li>Business and International Private Law<\/li>\n\n\n\n<li>Business Law<\/li>\n\n\n\n<li>Einf\u00fchrung in das polnische Zivilrecht<\/li>\n\n\n\n<li>Intellectual Property Law<\/li>\n\n\n\n<li>Trade Law<\/li>\n<\/ul>\n\n\n\n<h4 class=\"wp-block-heading\">&nbsp;<\/h4>\n\n\n\n<h4 class=\"wp-block-heading\">W\u015br\u00f3d metod nauczania stosowane s\u0105 w szczeg\u00f3lno\u015bci:<\/h4>\n\n\n\n<ul class=\"wp-block-list\">\n<li>wyk\u0142ad ilustrowany<\/li>\n\n\n\n<li>studium przypadku (case study)<\/li>\n\n\n\n<li>konwersatoria<\/li>\n\n\n\n<li>symulacje procesowe<\/li>\n\n\n\n<li>e-learning<\/li>\n<\/ul>\n\n\n\n<h4 class=\"wp-block-heading\">&nbsp;<\/h4>\n\n\n\n<h4 class=\"wp-block-heading\">Mi\u0119dzynarodowe wsp\u00f3\u0142dzia\u0142anie w zakresie dydaktyki:<\/h4>\n\n\n\n<p>Katedra, jako przedstawiciel UEK, uczestniczy\u0142a w trzech edycjach studi\u00f3w LLM (podyplomowych studi\u00f3w magisterskich \u2013 kierownik prof. A. Viglianissi Ferraro z Uniwersytetu w Reggio Calabria), kierunek Europejskie prawo prywatne (z udzia\u0142em przedstawicieli ponad 20 uniwersytet\u00f3w z ca\u0142ego \u015bwiata): 2016-2017; 2017-2018 i 2018-2019, W\u0142ochy.<\/p>\n\n\n\n<p>Katedra uczestniczy\u0142a w czterech edycjach Mi\u0119dzynarodowej Letniej Szko\u0142y Mediterranea University w Reggio Calabria z zakresu prawa konsumenckiego i praw podstawowych w latach 2016-2019, zorganizowanej we wsp\u00f3\u0142pracy z 15 zagranicznymi uczelniami.<\/p>\n\n\n\n<h4 class=\"wp-block-heading\">&nbsp;<\/h4>\n\n\n\n<h4 class=\"wp-block-heading\">Pomoc w procesie dydaktycznym dla student\u00f3w z niepe\u0142nosprawno\u015bciami:<\/h4>\n\n\n\n<p>Studenci z niepe\u0142nosprawno\u015bci\u0105 maj\u0105 zagwarantowany kontakt z pe\u0142nomocnikiem katedry ds. os\u00f3b niepe\u0142nosprawnych. Termin konsultacji ustalany jest indywidulanie, stosownie do potrzeb s\u0142uchacza. W razie potrzeby, za po\u015brednictwem pe\u0142nomocnika, organizowane jest spotkanie z egzaminatorem w dogodnym dla uczestnika studi\u00f3w i egzaminatora terminie.<\/p>\n\n\n\n<p>Funkcj\u0119<strong>&nbsp; Pe\u0142nomocnika Katedry ds. os\u00f3b niepe\u0142nosprawnych&nbsp;<\/strong>pe\u0142ni<strong>&nbsp;<a href=\"https:\/\/e-uczelnia.uek.krakow.pl\/course\/view.php?id=574\">dr B\u0142a\u017cej&nbsp; Bugajski.<\/a><\/strong><\/p>\n","protected":false},"excerpt":{"rendered":"<p>Pracownicy Katedry Prawa Cywilnego, Gospodarczego i Prywatnego Mi\u0119dzynarodowego prowadz\u0105 zaj\u0119cia obejmuj\u0105ce:<\/p>\n","protected":false},"author":1,"featured_media":0,"parent":17,"menu_order":0,"comment_status":"closed","ping_status":"closed","template":"","meta":{"_acf_changed":false,"footnotes":""},"class_list":["post-2469","page","type-page","status-publish","hentry"],"acf":[],"_links":{"self":[{"href":"https:\/\/ip.uek.krakow.pl\/kpcgpm\/wp-json\/wp\/v2\/pages\/2469","targetHints":{"allow":["GET"]}}],"collection":[{"href":"https:\/\/ip.uek.krakow.pl\/kpcgpm\/wp-json\/wp\/v2\/pages"}],"about":[{"href":"https:\/\/ip.uek.krakow.pl\/kpcgpm\/wp-json\/wp\/v2\/types\/page"}],"author":[{"embeddable":true,"href":"https:\/\/ip.uek.krakow.pl\/kpcgpm\/wp-json\/wp\/v2\/users\/1"}],"replies":[{"embeddable":true,"href":"https:\/\/ip.uek.krakow.pl\/kpcgpm\/wp-json\/wp\/v2\/comments?post=2469"}],"version-history":[{"count":1,"href":"https:\/\/ip.uek.krakow.pl\/kpcgpm\/wp-json\/wp\/v2\/pages\/2469\/revisions"}],"predecessor-version":[{"id":2470,"href":"https:\/\/ip.uek.krakow.pl\/kpcgpm\/wp-json\/wp\/v2\/pages\/2469\/revisions\/2470"}],"up":[{"embeddable":true,"href":"https:\/\/ip.uek.krakow.pl\/kpcgpm\/wp-json\/wp\/v2\/pages\/17"}],"wp:attachment":[{"href":"https:\/\/ip.uek.krakow.pl\/kpcgpm\/wp-json\/wp\/v2\/media?parent=2469"}],"curies":[{"name":"wp","href":"https:\/\/api.w.org\/{rel}","templated":true}]}}