{"id":2473,"date":"2025-06-27T14:45:14","date_gmt":"2025-06-27T12:45:14","guid":{"rendered":"https:\/\/ip.uek.krakow.pl\/kpcgpm\/?page_id=2473"},"modified":"2025-06-27T14:45:27","modified_gmt":"2025-06-27T12:45:27","slug":"studia-podyplomowe","status":"publish","type":"page","link":"https:\/\/ip.uek.krakow.pl\/kpcgpm\/o-katedrze\/studia-podyplomowe\/","title":{"rendered":"Studia podyplomowe"},"content":{"rendered":"\n<blockquote class=\"wp-block-quote is-layout-flow wp-block-quote-is-layout-flow\">\n<h2 class=\"wp-block-heading\"><strong>Katedra Prawa Cywilnego, Gospodarczego i Prywatnego Mi\u0119dzynarodowego tworzy oraz wsp\u00f3\u0142tworzy studia na nast\u0119puj\u0105cych kierunkach:<\/strong><\/h2>\n<\/blockquote>\n\n\n\n<ul class=\"wp-block-list\">\n<li><strong><a href=\"https:\/\/ip.uek.krakow.pl\/studia-podyplomowe\/doradztwo-podatkowe\/\" target=\"_blank\" rel=\"noreferrer noopener\">Doradztwo podatkowe<\/a><\/strong>, kierownik studi\u00f3w: prof. dr hab. Bogus\u0142awa Gnela<\/li>\n\n\n\n<li><strong><a href=\"https:\/\/ksb.uek.krakow.pl\/studia-podyplomowe\/prawo-w-dzialalnosci-gospodarczej\/\" target=\"_blank\" rel=\"noreferrer noopener\">Prawo w dzia\u0142alno\u015bci gospodarczej<\/a>,\u00a0<\/strong>dyrektor kierunku: dr Piotr Kukuryk<\/li>\n\n\n\n<li><a href=\"https:\/\/ksb.uek.krakow.pl\/studia-podyplomowe\/upadlosc-i-restrukturyzacja-przedsiebiorcow\/\" target=\"_blank\" rel=\"noreferrer noopener\"><strong>Upad\u0142o\u015b\u0107 i restrukturyzacja przedsi\u0119biorc\u00f3w,<\/strong>\u00a0<\/a>dyrektor kierunku: dr hab. Piotr Horosz, prof. UEK<\/li>\n\n\n\n<li><strong><a href=\"https:\/\/ksb.uek.krakow.pl\/studia-podyplomowe\/prawo-pracy-i-prawo-ubezpieczen-spolecznych\/\" target=\"_blank\" rel=\"noreferrer noopener\">Prawo pracy i prawo ubezpiecze\u0144 spo\u0142ecznych<\/a>,<\/strong>\u00a0dyrektor kierunku:\u00a0 dr hab. Monika Szaraniec, prof UEK<\/li>\n\n\n\n<li><strong><a href=\"https:\/\/ksb.uek.krakow.pl\/studia-podyplomowe\/prawo-medyczne-i-ochrona-zdrowia\/\" target=\"_blank\" rel=\"noreferrer noopener\">Prawo medyczne i ochrona zdrowia<\/a>,<\/strong>\u00a0dyrektor kierunku: mgr Pawe\u0142 Dyrdu\u0142<\/li>\n\n\n\n<li><strong><a href=\"https:\/\/ksb.uek.krakow.pl\/studia-podyplomowe\/prawo-w-medycynie\/\" target=\"_blank\" rel=\"noreferrer noopener\">Prawo w medycynie<\/a>,<\/strong>\u00a0dyrektor kierunku: mgr Pawe\u0142 Dyrdu\u0142<\/li>\n<\/ul>\n\n\n\n<p><\/p>\n\n\n\n<blockquote class=\"wp-block-quote is-layout-flow wp-block-quote-is-layout-flow\">\n<p><strong>Pracownicy Katedry powadz\u0105 r\u00f3wnie\u017c zaj\u0119cia na innych kierunkach studi\u00f3w podyplomowych oraz studi\u00f3w MBA przy Krakowskiej Szkole Biznesu.<\/strong><\/p>\n<\/blockquote>\n","protected":false},"excerpt":{"rendered":"<p>Studia przeznaczone s\u0105 przede wszystkim dla os\u00f3b prowadz\u0105cych dzia\u0142alno\u015b\u0107 gospodarcz\u0105 lub zamierzaj\u0105cych j\u0105 prowadzi\u0107, a tak\u017ce dla pracownik\u00f3w ma\u0142ych i \u015brednich ,,firm\u201d zainteresowanych uzupe\u0142nieniem, pog\u0142\u0119bieniem i usystematyzowaniem oraz aktualizacj\u0105 wiedzy prawniczej oraz wszystkich os\u00f3b, kt\u00f3re w jaki\u015b spos\u00f3b stykaj\u0105 si\u0119 w swojej pracy z dzia\u0142alno\u015bci\u0105 gospodarcz\u0105. <\/p>\n","protected":false},"author":1,"featured_media":0,"parent":17,"menu_order":0,"comment_status":"closed","ping_status":"closed","template":"","meta":{"_acf_changed":false,"footnotes":""},"class_list":["post-2473","page","type-page","status-publish","hentry"],"acf":[],"_links":{"self":[{"href":"https:\/\/ip.uek.krakow.pl\/kpcgpm\/wp-json\/wp\/v2\/pages\/2473","targetHints":{"allow":["GET"]}}],"collection":[{"href":"https:\/\/ip.uek.krakow.pl\/kpcgpm\/wp-json\/wp\/v2\/pages"}],"about":[{"href":"https:\/\/ip.uek.krakow.pl\/kpcgpm\/wp-json\/wp\/v2\/types\/page"}],"author":[{"embeddable":true,"href":"https:\/\/ip.uek.krakow.pl\/kpcgpm\/wp-json\/wp\/v2\/users\/1"}],"replies":[{"embeddable":true,"href":"https:\/\/ip.uek.krakow.pl\/kpcgpm\/wp-json\/wp\/v2\/comments?post=2473"}],"version-history":[{"count":1,"href":"https:\/\/ip.uek.krakow.pl\/kpcgpm\/wp-json\/wp\/v2\/pages\/2473\/revisions"}],"predecessor-version":[{"id":2474,"href":"https:\/\/ip.uek.krakow.pl\/kpcgpm\/wp-json\/wp\/v2\/pages\/2473\/revisions\/2474"}],"up":[{"embeddable":true,"href":"https:\/\/ip.uek.krakow.pl\/kpcgpm\/wp-json\/wp\/v2\/pages\/17"}],"wp:attachment":[{"href":"https:\/\/ip.uek.krakow.pl\/kpcgpm\/wp-json\/wp\/v2\/media?parent=2473"}],"curies":[{"name":"wp","href":"https:\/\/api.w.org\/{rel}","templated":true}]}}