{"id":112,"date":"2025-07-04T09:38:04","date_gmt":"2025-07-04T07:38:04","guid":{"rendered":"https:\/\/institutes.uek.krakow.pl\/kpgppp\/?page_id=112"},"modified":"2025-07-04T09:45:53","modified_gmt":"2025-07-04T07:45:53","slug":"partnerzy","status":"publish","type":"page","link":"https:\/\/ip.uek.krakow.pl\/kpgppp\/o-katedrze\/partnerzy\/","title":{"rendered":"Partnerzy"},"content":{"rendered":"\n<h2 class=\"wp-block-heading\">Wsp\u00f3\u0142praca z otoczeniem gospodarczym i innymi instytucjami<\/h2>\n\n\n\n<h3 class=\"wp-block-heading\">Katedra i jej pracownicy wsp\u00f3\u0142pracowali lub wsp\u00f3\u0142pracuj\u0105 z:<\/h3>\n\n\n\n<ul class=\"wp-block-list\">\n<li><strong>Rada Konsultacyjna ds. ochrony konsument\u00f3w przy zarz\u0105dzie wojew\u00f3dztwa ma\u0142opolskiego<\/strong>\u00a0\u2013 cz\u0142onek \u2013 Prof. UEK dr hab. Monika Szaraniec;<\/li>\n\n\n\n<li><strong>Association Internationale de Droit des Assurances(AIDA) \u2013 Sekcja Polska<\/strong>\u00a0\u2013 cz\u0142onek \u2013 Prof. UEK dr hab. Monika Szaraniec;<\/li>\n\n\n\n<li><strong>Stowarzyszenie Polskich Broker\u00f3w Ubezpieczeniowych i Reasekuracyjnych<\/strong>\u00a0\u2013 ekspert szkoleniowiec \u2013 Prof. UEK dr hab. Monika Szaraniec;<\/li>\n\n\n\n<li><strong>Fundacja MERCATUS ET CIVIS<\/strong>\u00a0\u2013 wsp\u00f3\u0142praca w organizacji konferencji \u2013 Prof. UEK dr hab. Monika Szaraniec;<\/li>\n\n\n\n<li><strong>Fundacja Rozwoju Obrotu Bezgot\u00f3wkowego (FROB)<\/strong>\u00a0\u2013 ekspert prawny \u2013 Prof. UEK dr hab. Jan Byrski;<\/li>\n\n\n\n<li><strong>International Association of Privacy Professionals (IAPP) oraz Stowarzyszenia Inspektor\u00f3w Ochrony Danych (IOD-ABI)<\/strong>\u00a0\u2013 cz\u0142onek \u2013 Prof. UEK dr hab. Jan Byrski;<\/li>\n\n\n\n<li><strong>Komitet FinTech Polskiej Izby Informatyki i Telekomunikacji (PIIT)<\/strong>\u00a0\u2013 Wiceprzewodnicz\u0105cy \u2013 Prof. UEK dr hab. Jan Byrski;<\/li>\n\n\n\n<li><strong>Zesp\u00f3\u0142 roboczy w UKNF ds. rozwoju innowacji finansowych (FinTech) oraz grup roboczych w Ministerstwie Cyfryzacji, w tym ds. rejestr\u00f3w rozproszonych i blockchain<\/strong>.- cz\u0142onek \u2013 Prof. UEK dr hab. Jan Byrski;<\/li>\n\n\n\n<li><strong>Stowarzyszenie Inicjatywa Mobilno\u015bci Pracy w Krakowie<\/strong>\u00a0\u2013 prawnik \u2013 dr Marcin Kie\u0142basa;<\/li>\n\n\n\n<li><strong>Polskie Stowarzyszenie Prawa Europejskiego<\/strong>\u00a0\u2013 cz\u0142onek \u2013 dr Marcin Kie\u0142basa;<\/li>\n\n\n\n<li><strong>Polska Sie\u0107 Naukowa Prawa Pracy i Zabezpieczenia Spo\u0142ecznego COOPERANTE<\/strong>\u00a0\u2013 cz\u0142onek \u2013 dr Marcin Kie\u0142basa;<\/li>\n\n\n\n<li><strong>Trybuna\u0142 Sprawiedliwo\u015bci Unii Europejski<\/strong>\u00a0\u2013 t\u0142umacz freelance z j. w\u0142oskiego na j. polski \u2013 dr Marcin Kie\u0142basa;<\/li>\n\n\n\n<li><strong>Inicjatywa Mobilno\u015bci Pracy<\/strong>\u00a0\u2013 cz\u0142onek wspieraj\u0105cy Prof. UEK dr hab. Ma\u0142gorzata M\u0119drala;<\/li>\n\n\n\n<li><strong>International Labour and Employment Relations Association (ILERA)<\/strong>\u00a0-cz\u0142onek \u2013 Prof. UEK dr hab. Ma\u0142gorzata M\u0119drala;<\/li>\n\n\n\n<li><strong>Stowarzyszenie Edukacji Administracji Publicznej (SEAP)<\/strong>\u00a0\u2013 cz\u0142onek \u2013 Prof. UEK dr hab. Ma\u0142gorzata M\u0119drala;<\/li>\n\n\n\n<li><strong>Stowarzyszenie Bada\u0144 nad \u0179r\u00f3d\u0142ami i Funkcjami Prawa \u201eFONTES\u201d<\/strong>\u00a0\u2013 cz\u0142onek \u2013 Prof. UEK dr hab. Ma\u0142gorzata M\u0119drala;<\/li>\n\n\n\n<li><strong>Instytut Wzornictwa Przemys\u0142owego Sp. z o.o. z siedzib\u0105 w Warszawie<\/strong>\u00a0\u2013 ekspert prawny, trener biznesu w projektach unijnych i krajowych \u2013 Prof. UEK dr hab. Aleksandra Nowak-Gruca;<\/li>\n\n\n\n<li><strong>AVENHANSEN Sp. z o.o. z siedzib\u0105 w Krakowie<\/strong>\u00a0\u2013 wsp\u00f3\u0142praca w realizacji projekt\u00f3w doradczych, szkoleniowych i badawczych z zakresu prawa w\u0142asno\u015bci intelektualnej \u2013 Prof. UEK dr hab.\u00a0Aleksandra Nowak-Gruca.<\/li>\n<\/ul>\n","protected":false},"excerpt":{"rendered":"<p>Wsp\u00f3\u0142praca z otoczeniem gospodarczym i innymi instytucjami Katedra i jej pracownicy wsp\u00f3\u0142pracowali lub wsp\u00f3\u0142pracuj\u0105 z:<\/p>\n","protected":false},"author":1,"featured_media":0,"parent":17,"menu_order":0,"comment_status":"closed","ping_status":"closed","template":"","meta":{"_acf_changed":false,"footnotes":""},"class_list":["post-112","page","type-page","status-publish","hentry"],"acf":[],"_links":{"self":[{"href":"https:\/\/ip.uek.krakow.pl\/kpgppp\/wp-json\/wp\/v2\/pages\/112","targetHints":{"allow":["GET"]}}],"collection":[{"href":"https:\/\/ip.uek.krakow.pl\/kpgppp\/wp-json\/wp\/v2\/pages"}],"about":[{"href":"https:\/\/ip.uek.krakow.pl\/kpgppp\/wp-json\/wp\/v2\/types\/page"}],"author":[{"embeddable":true,"href":"https:\/\/ip.uek.krakow.pl\/kpgppp\/wp-json\/wp\/v2\/users\/1"}],"replies":[{"embeddable":true,"href":"https:\/\/ip.uek.krakow.pl\/kpgppp\/wp-json\/wp\/v2\/comments?post=112"}],"version-history":[{"count":3,"href":"https:\/\/ip.uek.krakow.pl\/kpgppp\/wp-json\/wp\/v2\/pages\/112\/revisions"}],"predecessor-version":[{"id":117,"href":"https:\/\/ip.uek.krakow.pl\/kpgppp\/wp-json\/wp\/v2\/pages\/112\/revisions\/117"}],"up":[{"embeddable":true,"href":"https:\/\/ip.uek.krakow.pl\/kpgppp\/wp-json\/wp\/v2\/pages\/17"}],"wp:attachment":[{"href":"https:\/\/ip.uek.krakow.pl\/kpgppp\/wp-json\/wp\/v2\/media?parent=112"}],"curies":[{"name":"wp","href":"https:\/\/api.w.org\/{rel}","templated":true}]}}