{"id":122,"date":"2025-07-04T09:44:12","date_gmt":"2025-07-04T07:44:12","guid":{"rendered":"https:\/\/institutes.uek.krakow.pl\/kpgppp\/?page_id=122"},"modified":"2025-07-04T09:44:52","modified_gmt":"2025-07-04T07:44:52","slug":"badania-i-rozwoj","status":"publish","type":"page","link":"https:\/\/ip.uek.krakow.pl\/kpgppp\/o-katedrze\/badania-i-rozwoj\/","title":{"rendered":"Badania i Rozw\u00f3j"},"content":{"rendered":"","protected":false},"excerpt":{"rendered":"<p>Pracownicy Katedry Prawa Gospodarczego Publicznego i Prawa Pracy prowadz\u0105 badania naukowe i zaj\u0119cia dydaktyczne obejmuj\u0105ce zagadnienia z zakresu publicznego prawa gospodarczego, prawa pracy oraz prawa w\u0142asno\u015bci intelektualnej. Wyniki swoich bada\u0144 publikuj\u0105 zar\u00f3wno w krajowych, jak i zagranicznych pozycjach naukowych.<\/p>\n","protected":false},"author":1,"featured_media":0,"parent":17,"menu_order":0,"comment_status":"closed","ping_status":"closed","template":"templates\/page-blocks.php","meta":{"_acf_changed":false,"footnotes":""},"class_list":["post-122","page","type-page","status-publish","hentry"],"acf":[],"_links":{"self":[{"href":"https:\/\/ip.uek.krakow.pl\/kpgppp\/wp-json\/wp\/v2\/pages\/122","targetHints":{"allow":["GET"]}}],"collection":[{"href":"https:\/\/ip.uek.krakow.pl\/kpgppp\/wp-json\/wp\/v2\/pages"}],"about":[{"href":"https:\/\/ip.uek.krakow.pl\/kpgppp\/wp-json\/wp\/v2\/types\/page"}],"author":[{"embeddable":true,"href":"https:\/\/ip.uek.krakow.pl\/kpgppp\/wp-json\/wp\/v2\/users\/1"}],"replies":[{"embeddable":true,"href":"https:\/\/ip.uek.krakow.pl\/kpgppp\/wp-json\/wp\/v2\/comments?post=122"}],"version-history":[{"count":3,"href":"https:\/\/ip.uek.krakow.pl\/kpgppp\/wp-json\/wp\/v2\/pages\/122\/revisions"}],"predecessor-version":[{"id":125,"href":"https:\/\/ip.uek.krakow.pl\/kpgppp\/wp-json\/wp\/v2\/pages\/122\/revisions\/125"}],"up":[{"embeddable":true,"href":"https:\/\/ip.uek.krakow.pl\/kpgppp\/wp-json\/wp\/v2\/pages\/17"}],"wp:attachment":[{"href":"https:\/\/ip.uek.krakow.pl\/kpgppp\/wp-json\/wp\/v2\/media?parent=122"}],"curies":[{"name":"wp","href":"https:\/\/api.w.org\/{rel}","templated":true}]}}