{"id":17,"date":"2025-05-15T10:13:22","date_gmt":"2025-05-15T08:13:22","guid":{"rendered":"https:\/\/institutes.uek.krakow.pl\/kpgppp\/?page_id=17"},"modified":"2025-07-04T09:28:31","modified_gmt":"2025-07-04T07:28:31","slug":"o-katedrze","status":"publish","type":"page","link":"https:\/\/ip.uek.krakow.pl\/kpgppp\/o-katedrze\/","title":{"rendered":"O Katedrze"},"content":{"rendered":"\n<h2 class=\"wp-block-heading\">Katedra\u00a0Prawa Gospodarczego Publicznego i Prawa Pracy<\/h2>\n\n\n\n<h3 class=\"wp-block-heading\">Historia Katedry<\/h3>\n\n\n\n<p>Katedra Prawa Gospodarczego Publicznego i Prawa Pracy powsta\u0142a dnia 1 pa\u017adziernika 2019 r. poprzez wyodr\u0119bnienie jej ze struktury Katedry Prawa Cywilnego i Gospodarczego. Katedra usytuowana jest w ramach Instytutu Prawa, ale jej nazwa oddaje specyfik\u0119 jej funkcjonowania w ramach Uniwersytetu Ekonomicznego, gdzie Pracownicy tej\u017ce Katedry prowadz\u0105 zaj\u0119cia tak\u017ce w Instytucie Ekonomii, Instytucie Finans\u00f3w oraz Instytucie Zarz\u0105dzania UEK. Przedmiotem bada\u0144 naukowych i dydaktycznych Katedry s\u0105 regulacje prawne zwi\u0105zane z szeroko rozumianym podejmowaniem, a tak\u017ce&nbsp;prowadzeniem dzia\u0142alno\u015bci gospodarczej w Polsce i w Unii Europejskiej, z prawem pracy oraz prawem w\u0142asno\u015bci intelektualnej.<\/p>\n\n\n\n<p>Kierownikiem Katedry Prawa Gospodarczego Publicznego i Prawa Pracy jest Prof. UEK, dr hab. Monika Szaraniec.<\/p>\n\n\n\n<p><\/p>\n\n\n\n<ul class=\"wp-block-list\">\n<li><strong>Katedra Prawa Gospodarczego Publicznego i Prawa Pracy na Twitter<\/strong>:\u00a0<a href=\"https:\/\/twitter.com\/KatedraU\" target=\"_blank\" rel=\"noreferrer noopener\">https:\/\/twitter.com\/KatedraU<\/a><\/li>\n\n\n\n<li><strong>Katedra Prawa Gospodarczego Publicznego i Prawa Pracy na LinkedIn<\/strong>:\u00a0<a href=\"https:\/\/www.linkedin.com\/company\/katedra-prawa-gospodarczego-publicznego-i-prawa-pracy-uek\/\">https:\/\/www.linkedin.com\/company\/katedra-prawa-gospodarczego-publicznego-i-prawa-pracy-uek\/<\/a><\/li>\n<\/ul>\n\n\n\n<p><\/p>\n\n\n\n<p>Pracownicy Katedry Prawa Gospodarczego Publicznego i Prawa Pracy prowadz\u0105 badania naukowe i zaj\u0119cia dydaktyczne obejmuj\u0105ce zagadnienia z zakresu:<\/p>\n\n\n\n<h4 class=\"wp-block-heading\">Publiczne prawo gospodarcze:<\/h4>\n\n\n\n<ul class=\"wp-block-list\">\n<li>prawo przedsi\u0119biorc\u00f3w,<\/li>\n\n\n\n<li>publicznoprawne metody oddzia\u0142ywania administracji na gospodark\u0119,<\/li>\n\n\n\n<li>prawo pomocy publicznej,<\/li>\n\n\n\n<li>prawo konkurencji,<\/li>\n\n\n\n<li>prawo regulacji sektorowych: prawo energetyczne, prawo telekomunikacyjne, prawo lotnicze, prawo kolejowe, prawo pocztowe,<\/li>\n\n\n\n<li>publicznoprawne prawo rynku finansowego (bankowego, ubezpieczeniowego, inwestycyjnego),<\/li>\n\n\n\n<li>prawo ochrony zdrowia,<\/li>\n\n\n\n<li>wp\u0142yw nowych technologii na procesy gospodarcze,<\/li>\n\n\n\n<li>ochrona i przetwarzanie danych osobowych,<\/li>\n\n\n\n<li>prawo informacji gospodarczej,<\/li>\n\n\n\n<li>publicznoprawne zagadnienia prawa Internetu,<\/li>\n<\/ul>\n\n\n\n<h4 class=\"wp-block-heading\">\u00a0Prawo pracy i prawo ubezpiecze\u0144 spo\u0142ecznych:<\/h4>\n\n\n\n<ul class=\"wp-block-list\">\n<li>indywidualne prawo pracy,<\/li>\n\n\n\n<li>zbiorowe prawo pracy,<\/li>\n\n\n\n<li>prawo ubezpiecze\u0144 spo\u0142ecznych,<\/li>\n\n\n\n<li>europejskie prawo socjalnego,<\/li>\n\n\n\n<li>nietypowe formy zatrudnienia,<\/li>\n\n\n\n<li>delegowanie pracownik\u00f3w,<\/li>\n\n\n\n<li>ochrona danych osobowych w zatrudnieniu,<\/li>\n\n\n\n<li>status prawny pracodawcy,<\/li>\n\n\n\n<li>prawo zatrudnienia,<\/li>\n<\/ul>\n\n\n\n<h4 class=\"wp-block-heading\">\u00a0Prawo w\u0142asno\u015bci intelektualnej:<\/h4>\n\n\n\n<ul class=\"wp-block-list\">\n<li>autorskie prawa osobiste i maj\u0105tkowe,<\/li>\n\n\n\n<li>dozwolony u\u017cytek chronionych utwor\u00f3w,<\/li>\n\n\n\n<li>ochrona program\u00f3w komputerowych i baz danych,<\/li>\n\n\n\n<li>umowy w prawie autorskim,<\/li>\n\n\n\n<li>prawo autorskie w Internecie,<\/li>\n\n\n\n<li>prawo autorskie w dobie sztucznej inteligencji,<\/li>\n\n\n\n<li>ochrona wynalazk\u00f3w i wzor\u00f3w u\u017cytkowych,<\/li>\n\n\n\n<li>ochrona wzornictwa przemys\u0142owego, znak\u00f3w towarowych i topografii uk\u0142ad\u00f3w scalonych,<\/li>\n\n\n\n<li>oznaczenia geograficzne,<\/li>\n\n\n\n<li>strategie ochrony w\u0142asno\u015bci intelektualnej w Polsce i na \u015bwiecie,<\/li>\n\n\n\n<li>nowe technologie a prawo w\u0142asno\u015bci intelektualnej.<\/li>\n<\/ul>\n\n\n\n<p><\/p>\n","protected":false},"excerpt":{"rendered":"<p>Witamy na stronie internetowej Katedry Prawa Gospodarczego Publicznego i Prawa Pracy. Mamy nadziej\u0119, \u017ce zawarte informacje na stronie naszej Katedry oka\u017c\u0105 si\u0119 pomocne dla wszystkich Czytelnik\u00f3w. Zapraszamy do zapoznania si\u0119 z przedmiotem dzia\u0142alno\u015bci Katedry oraz badaniami, zainteresowaniami i osi\u0105gni\u0119ciami naukowymi, a tak\u017ce zaj\u0119ciami dydaktycznymi prowadzonymi przez jej Pracownik\u00f3w.<\/p>\n","protected":false},"author":1,"featured_media":0,"parent":0,"menu_order":0,"comment_status":"closed","ping_status":"closed","template":"","meta":{"_acf_changed":false,"footnotes":""},"class_list":["post-17","page","type-page","status-publish","hentry"],"acf":[],"_links":{"self":[{"href":"https:\/\/ip.uek.krakow.pl\/kpgppp\/wp-json\/wp\/v2\/pages\/17","targetHints":{"allow":["GET"]}}],"collection":[{"href":"https:\/\/ip.uek.krakow.pl\/kpgppp\/wp-json\/wp\/v2\/pages"}],"about":[{"href":"https:\/\/ip.uek.krakow.pl\/kpgppp\/wp-json\/wp\/v2\/types\/page"}],"author":[{"embeddable":true,"href":"https:\/\/ip.uek.krakow.pl\/kpgppp\/wp-json\/wp\/v2\/users\/1"}],"replies":[{"embeddable":true,"href":"https:\/\/ip.uek.krakow.pl\/kpgppp\/wp-json\/wp\/v2\/comments?post=17"}],"version-history":[{"count":5,"href":"https:\/\/ip.uek.krakow.pl\/kpgppp\/wp-json\/wp\/v2\/pages\/17\/revisions"}],"predecessor-version":[{"id":100,"href":"https:\/\/ip.uek.krakow.pl\/kpgppp\/wp-json\/wp\/v2\/pages\/17\/revisions\/100"}],"wp:attachment":[{"href":"https:\/\/ip.uek.krakow.pl\/kpgppp\/wp-json\/wp\/v2\/media?parent=17"}],"curies":[{"name":"wp","href":"https:\/\/api.w.org\/{rel}","templated":true}]}}