{"id":100,"date":"2025-07-04T12:31:48","date_gmt":"2025-07-04T10:31:48","guid":{"rendered":"https:\/\/ip.uek.krakow.pl\/kpk\/?page_id=100"},"modified":"2025-07-04T12:31:49","modified_gmt":"2025-07-04T10:31:49","slug":"kola-naukowe","status":"publish","type":"page","link":"https:\/\/ip.uek.krakow.pl\/kpk\/studenci\/kola-naukowe\/","title":{"rendered":"Ko\u0142a naukowe"},"content":{"rendered":"\n<p>Na Uniwersytecie Ekonomicznym w Krakowie funkcjonuje Ko\u0142o Nauk Penalnych \u201eScientia Nobilitat\u201d. Opiekunem ko\u0142a jest dr Ewa Plebanek, a jego przewodnicz\u0105c\u0105 Natalia Ko\u0142odziejczyk.<\/p>\n","protected":false},"excerpt":{"rendered":"<p>Na Uniwersytecie Ekonomicznym w Krakowie funkcjonuje Ko\u0142o Nauk Penalnych \u201eScientia Nobilitat\u201d. Opiekunem ko\u0142a jest dr Ewa Plebanek, a jego przewodnicz\u0105c\u0105 Natalia Ko\u0142odziejczyk.<\/p>\n","protected":false},"author":1,"featured_media":0,"parent":95,"menu_order":0,"comment_status":"closed","ping_status":"closed","template":"","meta":{"_acf_changed":false,"footnotes":""},"class_list":["post-100","page","type-page","status-publish","hentry"],"acf":[],"_links":{"self":[{"href":"https:\/\/ip.uek.krakow.pl\/kpk\/wp-json\/wp\/v2\/pages\/100","targetHints":{"allow":["GET"]}}],"collection":[{"href":"https:\/\/ip.uek.krakow.pl\/kpk\/wp-json\/wp\/v2\/pages"}],"about":[{"href":"https:\/\/ip.uek.krakow.pl\/kpk\/wp-json\/wp\/v2\/types\/page"}],"author":[{"embeddable":true,"href":"https:\/\/ip.uek.krakow.pl\/kpk\/wp-json\/wp\/v2\/users\/1"}],"replies":[{"embeddable":true,"href":"https:\/\/ip.uek.krakow.pl\/kpk\/wp-json\/wp\/v2\/comments?post=100"}],"version-history":[{"count":1,"href":"https:\/\/ip.uek.krakow.pl\/kpk\/wp-json\/wp\/v2\/pages\/100\/revisions"}],"predecessor-version":[{"id":101,"href":"https:\/\/ip.uek.krakow.pl\/kpk\/wp-json\/wp\/v2\/pages\/100\/revisions\/101"}],"up":[{"embeddable":true,"href":"https:\/\/ip.uek.krakow.pl\/kpk\/wp-json\/wp\/v2\/pages\/95"}],"wp:attachment":[{"href":"https:\/\/ip.uek.krakow.pl\/kpk\/wp-json\/wp\/v2\/media?parent=100"}],"curies":[{"name":"wp","href":"https:\/\/api.w.org\/{rel}","templated":true}]}}