{"id":102,"date":"2025-07-04T12:32:41","date_gmt":"2025-07-04T10:32:41","guid":{"rendered":"https:\/\/ip.uek.krakow.pl\/kpk\/?page_id=102"},"modified":"2025-07-04T12:32:42","modified_gmt":"2025-07-04T10:32:42","slug":"seminarium-dla-studentow","status":"publish","type":"page","link":"https:\/\/ip.uek.krakow.pl\/kpk\/studenci\/seminarium-dla-studentow\/","title":{"rendered":"Seminarium dla student\u00f3w"},"content":{"rendered":"\n<h5 class=\"wp-block-heading\">W roku akademickim 2023\/2024 w Katedrze Prawa Karnego prowadzone s\u0105 nast\u0119puj\u0105ce seminaria:<\/h5>\n\n\n\n<p>dr hab. Barbara Nita \u2013 \u015awiat\u0142owska, prof. UEK \u2013 seminarium dla student\u00f3w studi\u00f3w stacjonarnych, IV \u2013 V rok;<\/p>\n\n\n\n<p>dr Jacek Duda \u2013 seminarium dla student\u00f3w studi\u00f3w niestacjonarnych, IV rok.<\/p>\n","protected":false},"excerpt":{"rendered":"<p>W roku akademickim 2023\/2024 w Katedrze Prawa Karnego prowadzone s\u0105 nast\u0119puj\u0105ce seminaria: dr hab. Barbara Nita \u2013 \u015awiat\u0142owska, prof. UEK \u2013 seminarium dla student\u00f3w studi\u00f3w stacjonarnych, IV \u2013 V rok; dr Jacek Duda \u2013 seminarium dla student\u00f3w studi\u00f3w niestacjonarnych, IV rok.<\/p>\n","protected":false},"author":1,"featured_media":0,"parent":95,"menu_order":0,"comment_status":"closed","ping_status":"closed","template":"","meta":{"_acf_changed":false,"footnotes":""},"class_list":["post-102","page","type-page","status-publish","hentry"],"acf":[],"_links":{"self":[{"href":"https:\/\/ip.uek.krakow.pl\/kpk\/wp-json\/wp\/v2\/pages\/102","targetHints":{"allow":["GET"]}}],"collection":[{"href":"https:\/\/ip.uek.krakow.pl\/kpk\/wp-json\/wp\/v2\/pages"}],"about":[{"href":"https:\/\/ip.uek.krakow.pl\/kpk\/wp-json\/wp\/v2\/types\/page"}],"author":[{"embeddable":true,"href":"https:\/\/ip.uek.krakow.pl\/kpk\/wp-json\/wp\/v2\/users\/1"}],"replies":[{"embeddable":true,"href":"https:\/\/ip.uek.krakow.pl\/kpk\/wp-json\/wp\/v2\/comments?post=102"}],"version-history":[{"count":1,"href":"https:\/\/ip.uek.krakow.pl\/kpk\/wp-json\/wp\/v2\/pages\/102\/revisions"}],"predecessor-version":[{"id":103,"href":"https:\/\/ip.uek.krakow.pl\/kpk\/wp-json\/wp\/v2\/pages\/102\/revisions\/103"}],"up":[{"embeddable":true,"href":"https:\/\/ip.uek.krakow.pl\/kpk\/wp-json\/wp\/v2\/pages\/95"}],"wp:attachment":[{"href":"https:\/\/ip.uek.krakow.pl\/kpk\/wp-json\/wp\/v2\/media?parent=102"}],"curies":[{"name":"wp","href":"https:\/\/api.w.org\/{rel}","templated":true}]}}