{"id":17,"date":"2025-05-15T10:13:22","date_gmt":"2025-05-15T08:13:22","guid":{"rendered":"https:\/\/institutes.uek.krakow.pl\/kpk\/?page_id=17"},"modified":"2025-05-15T10:13:48","modified_gmt":"2025-05-15T08:13:48","slug":"o-katedrze","status":"publish","type":"page","link":"https:\/\/ip.uek.krakow.pl\/kpk\/o-katedrze\/","title":{"rendered":"O Katedrze"},"content":{"rendered":"\n<h2 class=\"wp-block-heading\">Katedra&nbsp;Prawa karnego<\/h2>\n\n\n\n<p>Katedra Prawa Karnego powsta\u0142a 1 pa\u017adziernika 2019 roku. Jest jednostk\u0105 organizacyjn\u0105 w ramach Instytutu Prawa w Kolegium Ekonomii, Finans\u00f3w i Prawa UEK. Dzialalno\u015b\u0107 naukowa i dydaktyczna pracownik\u00f3w Katedry Prawa Karnego koncentruje si\u0119 wok\u00f3\u0142 zagadnie\u0144 szeroko rozumianego prawa karnego, post\u0119powania karnego, prawa karnego skarbowego, odpowiedzialno\u015bci podmiot\u00f3w zbiorowych oraz innych aspekt\u00f3w prawa represyjnego.<\/p>\n\n\n\n<p>Kierownikiem Katedry jest dr hab. Barbara Nita-\u015awiat\u0142owska, prof. UEK.<\/p>\n\n\n\n<p>Pracownicy Katedry Prawa Karnego prowadz\u0105 zaj\u0119cia dydaktyczne z zakresu:<\/p>\n\n\n\n<ul class=\"wp-block-list\">\n<li>prawa karnego materialnego (cz\u0119\u015b\u0107 og\u00f3lna i szczeg\u00f3lna);<\/li>\n\n\n\n<li>post\u0119powania karnego;<\/li>\n\n\n\n<li>prawa karnego skarbowego;<\/li>\n\n\n\n<li>prawa wykrocze\u0144;<\/li>\n\n\n\n<li>prawa karnego wykonawczego;<\/li>\n\n\n\n<li>odpowiedzialno\u015bci podmiot\u00f3w zbiorowych za czyny zabronione pod gro\u017ab\u0105 kary.<\/li>\n<\/ul>\n","protected":false},"excerpt":{"rendered":"<p>\n Witamy na stronie internetowej Katedry Prawa Karnego.<\/p>\n<p>Zapraszamy do zapoznania si\u0119 z dzia\u0142alno\u015bci\u0105 Katedry, badaniami naukowymi, zainteresowaniami i osi\u0105gni\u0119ciami naukowymi jej pracownik\u00f3w oraz tematyk\u0105 prowadzonych przez nich zaj\u0119\u0107 dydaktycznych<\/p>\n","protected":false},"author":1,"featured_media":0,"parent":0,"menu_order":0,"comment_status":"closed","ping_status":"closed","template":"","meta":{"_acf_changed":false,"footnotes":""},"class_list":["post-17","page","type-page","status-publish","hentry"],"acf":[],"_links":{"self":[{"href":"https:\/\/ip.uek.krakow.pl\/kpk\/wp-json\/wp\/v2\/pages\/17","targetHints":{"allow":["GET"]}}],"collection":[{"href":"https:\/\/ip.uek.krakow.pl\/kpk\/wp-json\/wp\/v2\/pages"}],"about":[{"href":"https:\/\/ip.uek.krakow.pl\/kpk\/wp-json\/wp\/v2\/types\/page"}],"author":[{"embeddable":true,"href":"https:\/\/ip.uek.krakow.pl\/kpk\/wp-json\/wp\/v2\/users\/1"}],"replies":[{"embeddable":true,"href":"https:\/\/ip.uek.krakow.pl\/kpk\/wp-json\/wp\/v2\/comments?post=17"}],"version-history":[{"count":2,"href":"https:\/\/ip.uek.krakow.pl\/kpk\/wp-json\/wp\/v2\/pages\/17\/revisions"}],"predecessor-version":[{"id":19,"href":"https:\/\/ip.uek.krakow.pl\/kpk\/wp-json\/wp\/v2\/pages\/17\/revisions\/19"}],"wp:attachment":[{"href":"https:\/\/ip.uek.krakow.pl\/kpk\/wp-json\/wp\/v2\/media?parent=17"}],"curies":[{"name":"wp","href":"https:\/\/api.w.org\/{rel}","templated":true}]}}