{"id":17,"date":"2025-05-15T10:13:22","date_gmt":"2025-05-15T08:13:22","guid":{"rendered":"https:\/\/institutes.uek.krakow.pl\/kpmpe\/?page_id=17"},"modified":"2025-07-02T09:07:23","modified_gmt":"2025-07-02T07:07:23","slug":"o-katedrze","status":"publish","type":"page","link":"https:\/\/ip.uek.krakow.pl\/kpmpe\/o-katedrze\/","title":{"rendered":"O Katedrze"},"content":{"rendered":"\n<h2 class=\"wp-block-heading\">Katedra\u00a0Prawa Mi\u0119dzynarodowego Publicznego i Europejskiego<\/h2>\n\n\n\n<p>Historia Katedry, wcze\u015bniej pod nazw\u0105: Katedra Prawa Mi\u0119dzynarodowego i Por\u00f3wnawczego UEK, korzeniami si\u0119ga okresu sprzed II wojny \u015bwiatowej. Katedra kontynuuje znacz\u0105c\u0105 tradycj\u0119 nauczania przedmiot\u00f3w prawnomi\u0119dzynarodowych prowadzonych ju\u017c w ramach \u00f3wczesnej Akademii Handlowej, w kt\u00f3rej zapisali si\u0119 m.in. Prof. Zbigniew Sarna oraz Prof. Marian Iwanejko.<\/p>\n\n\n\n<p>Kierownikiem Katedry jest prof. dr hab. Pawe\u0142 Czubik.<\/p>\n\n\n\n<p><\/p>\n\n\n\n<h2 class=\"wp-block-heading\">Badania i dydaktyka<\/h2>\n\n\n\n<p>Pracownicy Katedry prowadz\u0105 badania naukowe i zaj\u0119cia dydaktyczne obejmuj\u0105ce zagadnienia z zakresu prawa mi\u0119dzynarodowego i europejskiego, w tym szczeg\u00f3lno\u015bci:<\/p>\n\n\n\n<ul class=\"wp-block-list\">\n<li>prawa mi\u0119dzynarodowego publicznego<\/li>\n\n\n\n<li>prawa instytucjonalnego i gospodarczego Unii Europejskiej<\/li>\n\n\n\n<li>wymiaru sprawiedliwo\u015bci UE<\/li>\n\n\n\n<li>ochrony praw cz\u0142owieka w prawie krajowym, europejskim oraz mi\u0119dzynarodowym<\/li>\n\n\n\n<li>prawa konsularnego i dyplomatycznego<\/li>\n\n\n\n<li>organizacji mi\u0119dzynarodowych<\/li>\n\n\n\n<li>prawa GATT\/WTO<\/li>\n\n\n\n<li>prawa Rady Europy<\/li>\n\n\n\n<li>prawa medycznego por\u00f3wnawczego<\/li>\n<\/ul>\n\n\n\n<p><\/p>\n\n\n\n<h3 class=\"wp-block-heading\">\u00a0Dzia\u0142alno\u015b\u0107 studencka<\/h3>\n\n\n\n<p>Przy Katedrze dzia\u0142a&nbsp;<a href=\"https:\/\/ip.uek.krakow.pl\/kpmpe\/studenci\/\">Ko\u0142o Naukowe Prawnego Obrotu z Zagranic\u0105<\/a>, kt\u00f3rego opiekunem jest prof. dr hab. Pawe\u0142 Czubik.<\/p>\n","protected":false},"excerpt":{"rendered":"<p>Zapraszamy do zapoznania si\u0119 naszej stronie internetowej z pracownikami oraz dzia\u0142alno\u015bci\u0105 Katedry Prawa Mi\u0119dzynarodowego Publicznego i Europejskiego UEK<\/p>\n","protected":false},"author":1,"featured_media":0,"parent":0,"menu_order":0,"comment_status":"closed","ping_status":"closed","template":"","meta":{"_acf_changed":false,"footnotes":""},"class_list":["post-17","page","type-page","status-publish","hentry"],"acf":[],"_links":{"self":[{"href":"https:\/\/ip.uek.krakow.pl\/kpmpe\/wp-json\/wp\/v2\/pages\/17","targetHints":{"allow":["GET"]}}],"collection":[{"href":"https:\/\/ip.uek.krakow.pl\/kpmpe\/wp-json\/wp\/v2\/pages"}],"about":[{"href":"https:\/\/ip.uek.krakow.pl\/kpmpe\/wp-json\/wp\/v2\/types\/page"}],"author":[{"embeddable":true,"href":"https:\/\/ip.uek.krakow.pl\/kpmpe\/wp-json\/wp\/v2\/users\/1"}],"replies":[{"embeddable":true,"href":"https:\/\/ip.uek.krakow.pl\/kpmpe\/wp-json\/wp\/v2\/comments?post=17"}],"version-history":[{"count":3,"href":"https:\/\/ip.uek.krakow.pl\/kpmpe\/wp-json\/wp\/v2\/pages\/17\/revisions"}],"predecessor-version":[{"id":1918,"href":"https:\/\/ip.uek.krakow.pl\/kpmpe\/wp-json\/wp\/v2\/pages\/17\/revisions\/1918"}],"wp:attachment":[{"href":"https:\/\/ip.uek.krakow.pl\/kpmpe\/wp-json\/wp\/v2\/media?parent=17"}],"curies":[{"name":"wp","href":"https:\/\/api.w.org\/{rel}","templated":true}]}}