{"id":1974,"date":"2025-07-03T15:17:43","date_gmt":"2025-07-03T13:17:43","guid":{"rendered":"https:\/\/institutes.uek.krakow.pl\/kpmpe2\/?page_id=1974"},"modified":"2025-07-03T15:17:44","modified_gmt":"2025-07-03T13:17:44","slug":"wspolpraca-z-otoczeniem-gospodarczym-i-innymi","status":"publish","type":"page","link":"https:\/\/ip.uek.krakow.pl\/kpmpe\/wspolpraca-z-otoczeniem-gospodarczym-i-innymi\/","title":{"rendered":"Wsp\u00f3\u0142praca z otoczeniem gospodarczym i innymi"},"content":{"rendered":"\n<p>Zesp\u00f3\u0142 Katedry Prawa Mi\u0119dzynarodowego Publicznego i Europejskiego tworz\u0105 specjali\u015bci z wieloletnim do\u015bwiadczeniem naukowym i dydaktycznym.<\/p>\n\n\n\n<p>Pracownicy Katedry wywodz\u0105 si\u0119 z r\u00f3\u017cnych \u015brodowisk uniwersyteckich oraz zawodowych \u015brodowisk s\u0119dzi\u00f3w i radc\u00f3w prawnych.<\/p>\n","protected":false},"excerpt":{"rendered":"<p>Zesp\u00f3\u0142 Katedry Prawa Mi\u0119dzynarodowego Publicznego i Europejskiego tworz\u0105 specjali\u015bci z wieloletnim do\u015bwiadczeniem naukowym i dydaktycznym. Pracownicy Katedry wywodz\u0105 si\u0119 z r\u00f3\u017cnych \u015brodowisk uniwersyteckich oraz zawodowych \u015brodowisk s\u0119dzi\u00f3w i radc\u00f3w prawnych.<\/p>\n","protected":false},"author":1,"featured_media":0,"parent":0,"menu_order":0,"comment_status":"closed","ping_status":"closed","template":"","meta":{"_acf_changed":false,"footnotes":""},"class_list":["post-1974","page","type-page","status-publish","hentry"],"acf":[],"_links":{"self":[{"href":"https:\/\/ip.uek.krakow.pl\/kpmpe\/wp-json\/wp\/v2\/pages\/1974","targetHints":{"allow":["GET"]}}],"collection":[{"href":"https:\/\/ip.uek.krakow.pl\/kpmpe\/wp-json\/wp\/v2\/pages"}],"about":[{"href":"https:\/\/ip.uek.krakow.pl\/kpmpe\/wp-json\/wp\/v2\/types\/page"}],"author":[{"embeddable":true,"href":"https:\/\/ip.uek.krakow.pl\/kpmpe\/wp-json\/wp\/v2\/users\/1"}],"replies":[{"embeddable":true,"href":"https:\/\/ip.uek.krakow.pl\/kpmpe\/wp-json\/wp\/v2\/comments?post=1974"}],"version-history":[{"count":1,"href":"https:\/\/ip.uek.krakow.pl\/kpmpe\/wp-json\/wp\/v2\/pages\/1974\/revisions"}],"predecessor-version":[{"id":1975,"href":"https:\/\/ip.uek.krakow.pl\/kpmpe\/wp-json\/wp\/v2\/pages\/1974\/revisions\/1975"}],"wp:attachment":[{"href":"https:\/\/ip.uek.krakow.pl\/kpmpe\/wp-json\/wp\/v2\/media?parent=1974"}],"curies":[{"name":"wp","href":"https:\/\/api.w.org\/{rel}","templated":true}]}}