{"id":17,"date":"2025-05-15T10:13:22","date_gmt":"2025-05-15T08:13:22","guid":{"rendered":"https:\/\/institutes.uek.krakow.pl\/kpnpp2\/?page_id=17"},"modified":"2025-12-01T14:54:26","modified_gmt":"2025-12-01T13:54:26","slug":"o-katedrze","status":"publish","type":"page","link":"https:\/\/ip.uek.krakow.pl\/kpnpptp\/o-katedrze\/","title":{"rendered":"O Katedrze"},"content":{"rendered":"\n<h2 class=\"wp-block-heading has-kp-primary-color has-text-color has-link-color has-large-font-size wp-elements-9d0c00bda25c972f57571e3505d853a5\">Katedra\u00a0Prawa Nieruchomo\u015bci, Prawa Podatkowego i Teorii Prawa<\/h2>\n\n\n\n<h3 class=\"wp-block-heading\">BADANIA NAUKOWE I ZAJ\u0118CIA DYDAKTYCZNE<\/h3>\n\n\n\n<p><strong>Pracownicy Katedry organizuj\u0105 cykliczne Konferencje Naukowe Prawa Nieruchomo\u015bci jak te\u017c Prawa Podatkowego, skupiaj\u0105ce przedstawicieli nauki i praktyki prawa (s\u0119dzi\u00f3w s\u0105d\u00f3w powszechnych i administracyjnych, radc\u00f3w prawnych, notariuszy, adwokat\u00f3w, doradc\u00f3w podatkowych).<\/strong><\/p>\n\n\n\n<p><\/p>\n","protected":false},"excerpt":{"rendered":"<p>Witamy na stronie internetowej <b>Katedry\u00a0Prawa Nieruchomo\u015bci, Prawa Podatkowego i Teorii Prawa<\/b>.<\/p>\n<p>Katedra\u00a0Prawa Nieruchomo\u015bci, Prawa Podatkowego i Teorii Prawa powsta\u0142a dnia 1 pa\u017adziernika 2019 roku i funkcjonuje w ramach Instytutu Prawa Kolegium Ekonomii, Finans\u00f3w i Prawa. Kierownikiem Katedry Prawa Nieruchomo\u015bci i Prawa Podatkowego jest prof UEK, dr hab. Aneta Ka\u017amierczyk.<\/p>\n","protected":false},"author":1,"featured_media":0,"parent":0,"menu_order":0,"comment_status":"closed","ping_status":"closed","template":"templates\/page-blocks.php","meta":{"_acf_changed":false,"footnotes":""},"class_list":["post-17","page","type-page","status-publish","hentry"],"acf":[],"_links":{"self":[{"href":"https:\/\/ip.uek.krakow.pl\/kpnpptp\/wp-json\/wp\/v2\/pages\/17","targetHints":{"allow":["GET"]}}],"collection":[{"href":"https:\/\/ip.uek.krakow.pl\/kpnpptp\/wp-json\/wp\/v2\/pages"}],"about":[{"href":"https:\/\/ip.uek.krakow.pl\/kpnpptp\/wp-json\/wp\/v2\/types\/page"}],"author":[{"embeddable":true,"href":"https:\/\/ip.uek.krakow.pl\/kpnpptp\/wp-json\/wp\/v2\/users\/1"}],"replies":[{"embeddable":true,"href":"https:\/\/ip.uek.krakow.pl\/kpnpptp\/wp-json\/wp\/v2\/comments?post=17"}],"version-history":[{"count":21,"href":"https:\/\/ip.uek.krakow.pl\/kpnpptp\/wp-json\/wp\/v2\/pages\/17\/revisions"}],"predecessor-version":[{"id":1935,"href":"https:\/\/ip.uek.krakow.pl\/kpnpptp\/wp-json\/wp\/v2\/pages\/17\/revisions\/1935"}],"wp:attachment":[{"href":"https:\/\/ip.uek.krakow.pl\/kpnpptp\/wp-json\/wp\/v2\/media?parent=17"}],"curies":[{"name":"wp","href":"https:\/\/api.w.org\/{rel}","templated":true}]}}